{"id":32,"date":"2018-10-09T10:55:19","date_gmt":"2018-10-09T08:55:19","guid":{"rendered":"http:\/\/www.farmacialeone.com\/?page_id=32"},"modified":"2018-11-28T14:18:03","modified_gmt":"2018-11-28T13:18:03","slug":"home","status":"publish","type":"page","link":"https:\/\/www.farmacialeone.com\/","title":{"rendered":"Chi siamo"},"content":{"rendered":"<p>[vc_row][vc_column][vc_column_text css_animation=&#8221;fadeIn&#8221;]Professionalita,sensibilit\u00e0 e cortesia sono quelle rare qualit\u00e0 che permettono alla farmacia Leone di offrirti una vasta gamma di servizi efficienti e di comprendere le tue esigenze<br \/>\nEcco i servizi di cui potrai usufruire nella farmacia.[\/vc_column_text][vc_single_image image=&#8221;59&#8243; img_size=&#8221;full&#8221; add_caption=&#8221;yes&#8221; alignment=&#8221;center&#8221; css_animation=&#8221;appear&#8221;][\/vc_column][\/vc_row][vc_row][vc_column][vc_column_text]La FARMACIA LEONE svolge la sua attivit\u00e0 con discrezione, competenza e disponibilit\u00e0.<br \/>\nOltre ai farmaci, la FARMACIA LEONE offre alla propria utenza un vasto catalogo di prodotti per la salute, il benessere e la cura della persona. Presso il punto vendita \u00e8 possibile reperire articoli inerenti all\u2019omeopatia e alla cura della pelle ma anche cosmoceutica, medicinali e officinali, prodotti esclusivi, farmaci da banco e prodotti fitoterapici.<br \/>\nLa farmacia dispone anche di un valido servizio di analisi, misurazione della pressione e di un\u2019ampia gamma di kit pronto soccorso.<br \/>\nGrazie all\u2019adozione delle pi\u00f9 recenti metodologie presenti sul mercato, la FARMACIA LEONE \u00e8 in grado di allestire preparati galenici con un servizio altamente competitivo, tempestivo e di qualit\u00e0.<br \/>\nFin dal 1996, scopo dell\u2019attivit\u00e0 \u00e8 stato sempre quello di soddisfare pienamente le richieste di tutta la propria clientela.<br \/>\nUno dei punti di forza dell\u2019azienda \u00e8 la cura e l\u2019attenzione rivolta a tutta la clientela.<br \/>\nI farmacisti, forti della conoscenza diretta della propria utenza, sono in grado di offrire non soltanto prodotti ma anche consulenze personalizzate e suggerimenti, per risolvere tempestivamente ed efficacemente ogni genere di situazione. Il cliente non \u00e8 solo un numero, ma \u00e8 accolto, ascoltato e servito con estrema gentilezza, disponibilit\u00e0 e sensibilit\u00e0. Lo staff pone le proprie conoscenze per fornire consulenze e spiegazioni sul corretto uso dei farmaci richiesti.[\/vc_column_text][\/vc_column][\/vc_row][vc_row][vc_column][vc_media_grid style=&#8221;lazy&#8221; element_width=&#8221;3&#8243; gap=&#8221;35&#8243; item=&#8221;masonryMedia_SimpleOverlay&#8221; grid_id=&#8221;vc_gid:1543411064702-862f392514163e8054e1ecfe626b7031-0&#8243; include=&#8221;102,118,103,106&#8243; css=&#8221;.vc_custom_1543410977836{background-position: center !important;background-repeat: no-repeat !important;background-size: contain !important;}&#8221;][\/vc_column][\/vc_row][vc_row][vc_column][vc_column_text]La FARMACIA LEONE dispone di un vasto assortimento di alimenti dietetici GLUTEN FREE, adatti a pazienti affetti da celiachia. A tal proposito, la FARMACIA LEONE offre consulenze personalizzate, avvalendosi di personale qualificato ed esperto. Per ulteriori informazioni o eventuali chiarimenti, \u00e8 possibile contattare direttamente lo staff visitando l\u2019apposita sezione presente su questo stesso sito.<br \/>\nLa FARMACIA LEONE dispone di un proprio laboratorio interno attrezzato per l\u2019esecuzione di autoanalisi. All\u2019interno del punto vendita \u00e8 possibile effettuare analisi del sangue, analisi del colesterolo, analisi della glicemia e test delle intolleranze. Attraverso l\u2019utilizzo di strumentazioni moderne e all\u2019avanguardia, assolutamente non invasive, le analisi possono essere effettuate in maniera semplice e rapida, senza nessun disagio particolare per l\u2019utenza.<br \/>\nSi eseguono ECG, Holter Pressori e Cardiaci e per qualsiasi evenienza, \u00e8 disponibile un servizio gratuito di consegna a domicilio[\/vc_column_text][\/vc_column][\/vc_row]<\/p>\n","protected":false},"excerpt":{"rendered":"<p>[vc_row][vc_column][vc_column_text css_animation=&#8221;fadeIn&#8221;]Professionalita,sensibilit\u00e0 e cortesia sono quelle rare qualit\u00e0 che permettono alla farmacia Leone di offrirti una vasta gamma di servizi efficienti e di comprendere le tue esigenze Ecco i servizi di cui potrai usufruire nella farmacia.[\/vc_column_text][vc_single_image image=&#8221;59&#8243; img_size=&#8221;full&#8221; add_caption=&#8221;yes&#8221; alignment=&#8221;center&#8221; css_animation=&#8221;appear&#8221;][\/vc_column][\/vc_row][vc_row][vc_column][vc_column_text]La FARMACIA LEONE svolge la sua attivit\u00e0 con discrezione, competenza e disponibilit\u00e0. Oltre ai farmaci, [&hellip;]<\/p>\n","protected":false},"author":1,"featured_media":0,"parent":0,"menu_order":0,"comment_status":"closed","ping_status":"closed","template":"","meta":{"footnotes":""},"class_list":["post-32","page","type-page","status-publish","hentry"],"_links":{"self":[{"href":"https:\/\/www.farmacialeone.com\/index.php?rest_route=\/wp\/v2\/pages\/32","targetHints":{"allow":["GET"]}}],"collection":[{"href":"https:\/\/www.farmacialeone.com\/index.php?rest_route=\/wp\/v2\/pages"}],"about":[{"href":"https:\/\/www.farmacialeone.com\/index.php?rest_route=\/wp\/v2\/types\/page"}],"author":[{"embeddable":true,"href":"https:\/\/www.farmacialeone.com\/index.php?rest_route=\/wp\/v2\/users\/1"}],"replies":[{"embeddable":true,"href":"https:\/\/www.farmacialeone.com\/index.php?rest_route=%2Fwp%2Fv2%2Fcomments&post=32"}],"version-history":[{"count":18,"href":"https:\/\/www.farmacialeone.com\/index.php?rest_route=\/wp\/v2\/pages\/32\/revisions"}],"predecessor-version":[{"id":121,"href":"https:\/\/www.farmacialeone.com\/index.php?rest_route=\/wp\/v2\/pages\/32\/revisions\/121"}],"wp:attachment":[{"href":"https:\/\/www.farmacialeone.com\/index.php?rest_route=%2Fwp%2Fv2%2Fmedia&parent=32"}],"curies":[{"name":"wp","href":"https:\/\/api.w.org\/{rel}","templated":true}]}}